{"id":172,"date":"2021-02-23T16:39:48","date_gmt":"2021-02-23T16:39:48","guid":{"rendered":"http:\/\/kuemo-innenausbau.ch.lookie.ch-meta.net\/?page_id=172"},"modified":"2022-11-24T19:25:17","modified_gmt":"2022-11-24T19:25:17","slug":"kunststofffenster","status":"publish","type":"page","link":"https:\/\/kuemo-innenausbau.ch\/?page_id=172","title":{"rendered":"Kunststofffenster"},"content":{"rendered":"\t\t<div data-elementor-type=\"wp-page\" data-elementor-id=\"172\" class=\"elementor elementor-172\" data-elementor-post-type=\"page\">\n\t\t\t\t\t\t<section class=\"elementor-section elementor-top-section elementor-element elementor-element-5aa78264 elementor-section-boxed elementor-section-height-default elementor-section-height-default\" data-id=\"5aa78264\" data-element_type=\"section\" data-e-type=\"section\">\n\t\t\t\t\t\t<div class=\"elementor-container elementor-column-gap-default\">\n\t\t\t\t\t<div class=\"elementor-column elementor-col-100 elementor-top-column elementor-element elementor-element-419a18e\" data-id=\"419a18e\" data-element_type=\"column\" data-e-type=\"column\">\n\t\t\t<div class=\"elementor-widget-wrap elementor-element-populated\">\n\t\t\t\t\t\t<div class=\"elementor-element elementor-element-18cc77 elementor-widget elementor-widget-spacer\" data-id=\"18cc77\" data-element_type=\"widget\" data-e-type=\"widget\" data-widget_type=\"spacer.default\">\n\t\t\t\t<div class=\"elementor-widget-container\">\n\t\t\t\t\t\t\t<div class=\"elementor-spacer\">\n\t\t\t<div class=\"elementor-spacer-inner\"><\/div>\n\t\t<\/div>\n\t\t\t\t\t\t<\/div>\n\t\t\t\t<\/div>\n\t\t\t\t<div class=\"elementor-element elementor-element-b1b9b38 elementor-align-center elementor-widget elementor-widget-button\" data-id=\"b1b9b38\" data-element_type=\"widget\" data-e-type=\"widget\" data-widget_type=\"button.default\">\n\t\t\t\t<div class=\"elementor-widget-container\">\n\t\t\t\t\t\t\t\t\t<div class=\"elementor-button-wrapper\">\n\t\t\t\t\t<a class=\"elementor-button elementor-button-link elementor-size-md\" href=\"https:\/\/kuemo-innenausbau.ch\">\n\t\t\t\t\t\t<span class=\"elementor-button-content-wrapper\">\n\t\t\t\t\t\t<span class=\"elementor-button-icon\">\n\t\t\t\t<i aria-hidden=\"true\" class=\"fas fa-reply\"><\/i>\t\t\t<\/span>\n\t\t\t\t\t\t\t\t\t<span class=\"elementor-button-text\">Zur\u00fcck<\/span>\n\t\t\t\t\t<\/span>\n\t\t\t\t\t<\/a>\n\t\t\t\t<\/div>\n\t\t\t\t\t\t\t\t<\/div>\n\t\t\t\t<\/div>\n\t\t\t\t<div class=\"elementor-element elementor-element-7a534984 elementor-widget elementor-widget-spacer\" data-id=\"7a534984\" data-element_type=\"widget\" data-e-type=\"widget\" data-widget_type=\"spacer.default\">\n\t\t\t\t<div class=\"elementor-widget-container\">\n\t\t\t\t\t\t\t<div class=\"elementor-spacer\">\n\t\t\t<div class=\"elementor-spacer-inner\"><\/div>\n\t\t<\/div>\n\t\t\t\t\t\t<\/div>\n\t\t\t\t<\/div>\n\t\t\t\t\t<\/div>\n\t\t<\/div>\n\t\t\t\t\t<\/div>\n\t\t<\/section>\n\t\t\t\t<section class=\"elementor-section elementor-top-section elementor-element elementor-element-4984d59 elementor-section-boxed elementor-section-height-default elementor-section-height-default\" data-id=\"4984d59\" data-element_type=\"section\" data-e-type=\"section\">\n\t\t\t\t\t\t<div class=\"elementor-container elementor-column-gap-default\">\n\t\t\t\t\t<div class=\"elementor-column elementor-col-100 elementor-top-column elementor-element elementor-element-f3b24a5\" data-id=\"f3b24a5\" data-element_type=\"column\" data-e-type=\"column\">\n\t\t\t<div class=\"elementor-widget-wrap elementor-element-populated\">\n\t\t\t\t\t\t<div class=\"elementor-element elementor-element-6a7b1ec elementor-widget elementor-widget-heading\" data-id=\"6a7b1ec\" data-element_type=\"widget\" data-e-type=\"widget\" data-widget_type=\"heading.default\">\n\t\t\t\t<div class=\"elementor-widget-container\">\n\t\t\t\t\t<h2 class=\"elementor-heading-title elementor-size-default\">KUNSTSTOFFFENSTER<\/h2>\t\t\t\t<\/div>\n\t\t\t\t<\/div>\n\t\t\t\t<div class=\"elementor-element elementor-element-25f6b05 elementor-widget elementor-widget-spacer\" data-id=\"25f6b05\" data-element_type=\"widget\" data-e-type=\"widget\" data-widget_type=\"spacer.default\">\n\t\t\t\t<div class=\"elementor-widget-container\">\n\t\t\t\t\t\t\t<div class=\"elementor-spacer\">\n\t\t\t<div class=\"elementor-spacer-inner\"><\/div>\n\t\t<\/div>\n\t\t\t\t\t\t<\/div>\n\t\t\t\t<\/div>\n\t\t\t\t\t<\/div>\n\t\t<\/div>\n\t\t\t\t\t<\/div>\n\t\t<\/section>\n\t\t\t\t<section class=\"elementor-section elementor-top-section elementor-element elementor-element-7144653 elementor-section-full_width elementor-section-height-default elementor-section-height-default\" data-id=\"7144653\" data-element_type=\"section\" data-e-type=\"section\">\n\t\t\t\t\t\t<div class=\"elementor-container elementor-column-gap-default\">\n\t\t\t\t\t<div class=\"elementor-column elementor-col-33 elementor-top-column elementor-element elementor-element-7ea50dc\" data-id=\"7ea50dc\" data-element_type=\"column\" data-e-type=\"column\" data-settings=\"{&quot;background_background&quot;:&quot;classic&quot;}\">\n\t\t\t<div class=\"elementor-widget-wrap elementor-element-populated\">\n\t\t\t\t\t\t<div class=\"elementor-element elementor-element-ce7fcc4 elementor-widget elementor-widget-heading\" data-id=\"ce7fcc4\" data-element_type=\"widget\" data-e-type=\"widget\" data-widget_type=\"heading.default\">\n\t\t\t\t<div class=\"elementor-widget-container\">\n\t\t\t\t\t<h2 class=\"elementor-heading-title elementor-size-default\">Qualit\u00e4tsfenster<\/h2>\t\t\t\t<\/div>\n\t\t\t\t<\/div>\n\t\t\t\t<div class=\"elementor-element elementor-element-1079368 elementor-widget elementor-widget-spacer\" data-id=\"1079368\" data-element_type=\"widget\" data-e-type=\"widget\" data-widget_type=\"spacer.default\">\n\t\t\t\t<div class=\"elementor-widget-container\">\n\t\t\t\t\t\t\t<div class=\"elementor-spacer\">\n\t\t\t<div class=\"elementor-spacer-inner\"><\/div>\n\t\t<\/div>\n\t\t\t\t\t\t<\/div>\n\t\t\t\t<\/div>\n\t\t\t\t<div class=\"elementor-element elementor-element-585177c elementor-widget elementor-widget-text-editor\" data-id=\"585177c\" data-element_type=\"widget\" data-e-type=\"widget\" data-widget_type=\"text-editor.default\">\n\t\t\t\t<div class=\"elementor-widget-container\">\n\t\t\t\t\t\t\t\t\t<p class=\"bodytext\"><strong>Nie wieder streichen<\/strong><br \/>Durch die Erneuerung Ihrer Fenster mit modernen und witterungsbest\u00e4ndigen Kunststofffenstern ersparen Sie sich umfangreiche Malerarbeiten und damit hohe Kosten. Erkundigen Sie sich zu weiteren Vorteilen bei einer pers\u00f6nlichen Beratung.<\/p>\t\t\t\t\t\t\t\t<\/div>\n\t\t\t\t<\/div>\n\t\t\t\t<div class=\"elementor-element elementor-element-af66e45 elementor-widget elementor-widget-heading\" data-id=\"af66e45\" data-element_type=\"widget\" data-e-type=\"widget\" data-widget_type=\"heading.default\">\n\t\t\t\t<div class=\"elementor-widget-container\">\n\t\t\t\t\t<h2 class=\"elementor-heading-title elementor-size-default\">Fenster<\/h2>\t\t\t\t<\/div>\n\t\t\t\t<\/div>\n\t\t\t\t<div class=\"elementor-element elementor-element-4b70c37 elementor-widget elementor-widget-text-editor\" data-id=\"4b70c37\" data-element_type=\"widget\" data-e-type=\"widget\" data-widget_type=\"text-editor.default\">\n\t\t\t\t<div class=\"elementor-widget-container\">\n\t\t\t\t\t\t\t\t\t<p>Unsere Fenster k\u00f6nnen Sie nach Ihren Belieben individuell durch uns gestalten lassen. Ob f\u00fcr Neubauten oder bei Renovationsobjekten, wir k\u00f6nnen Ihnen die passende L\u00f6sung f\u00fcr Ihre Fenster anbieten. Formen und Farben sind keine Grenzen gesetzt.<\/p>\t\t\t\t\t\t\t\t<\/div>\n\t\t\t\t<\/div>\n\t\t\t\t<div class=\"elementor-element elementor-element-c08f595 elementor-widget elementor-widget-heading\" data-id=\"c08f595\" data-element_type=\"widget\" data-e-type=\"widget\" data-widget_type=\"heading.default\">\n\t\t\t\t<div class=\"elementor-widget-container\">\n\t\t\t\t\t<h2 class=\"elementor-heading-title elementor-size-default\">Standardausf\u00fchrung 70 mm<\/h2>\t\t\t\t<\/div>\n\t\t\t\t<\/div>\n\t\t\t\t<div class=\"elementor-element elementor-element-0a5867f elementor-widget elementor-widget-text-editor\" data-id=\"0a5867f\" data-element_type=\"widget\" data-e-type=\"widget\" data-widget_type=\"text-editor.default\">\n\t\t\t\t<div class=\"elementor-widget-container\">\n\t\t\t\t\t\t\t\t\t<ul><li class=\"bodytext\">Profil mit 70 mm Rahmenbreite \/ 78 mm Fl\u00fcgelbreite und 6-Kammersystem, statisch mit Stahl verst\u00e4rkt<\/li><li class=\"bodytext\">PVC mit Calcium-Zink stabilisiert<\/li><li class=\"bodytext\">Grundsicherheitsstandard\u00a0im erst-\u00f6ffnenden Fl\u00fcgel<\/li><li class=\"bodytext\">U-Wert Rahmen 0,92 W\/m2K nach EN, entspricht Minergievorgabe<\/li><li class=\"bodytext\">U-Wert Glas bis 0,5 W\/m2K nach DIN m\u00f6glich<\/li><li class=\"bodytext\">Graue Dichtungen betonen das Design<\/li><li class=\"bodytext\">5 Jahre Garantie auf extrudierte Profile<\/li><\/ul><p class=\"bodytext\">Kunststofffenster von K\u00dcMO erreichen einen Uw-Wert von 1,1 W\/m2K bei 2-fach Verglasung und 0,6 W\/m2K bei 3-fach Verglasung. Mit unseren Fenstern erhalten Sie den Klimarappen r\u00fcckerstattet und reduzieren die Energiekosten von bis zu 75% gegen\u00fcber herk\u00f6mmlichen Fenstern.\u00a0<\/p><p class=\"bodytext\"><br \/><strong>\u00d6KOLOGISCHE FENSTER VON DER PRODUKTION BIS ZUM RECYCLING\u00a0<\/strong><\/p><p class=\"bodytext\">Erfahrungsgem\u00e4ss halten Kunststofffenster mindestens w\u00e4hrend drei Jahrzehnten. Die Hightech-Anlage bei Marshall ist eine der modernsten Fertigungsrasse f\u00fcr Kunststofffenster in Europa.<\/p>\t\t\t\t\t\t\t\t<\/div>\n\t\t\t\t<\/div>\n\t\t\t\t\t<\/div>\n\t\t<\/div>\n\t\t\t\t<div class=\"elementor-column elementor-col-33 elementor-top-column elementor-element elementor-element-c6e3f6b\" data-id=\"c6e3f6b\" data-element_type=\"column\" data-e-type=\"column\" data-settings=\"{&quot;background_background&quot;:&quot;classic&quot;}\">\n\t\t\t<div class=\"elementor-widget-wrap elementor-element-populated\">\n\t\t\t\t\t\t<div class=\"elementor-element elementor-element-a85b029 elementor-widget elementor-widget-heading\" data-id=\"a85b029\" data-element_type=\"widget\" data-e-type=\"widget\" data-widget_type=\"heading.default\">\n\t\t\t\t<div class=\"elementor-widget-container\">\n\t\t\t\t\t<h2 class=\"elementor-heading-title elementor-size-default\">Sicherheit<\/h2>\t\t\t\t<\/div>\n\t\t\t\t<\/div>\n\t\t\t\t<div class=\"elementor-element elementor-element-357e3aa elementor-widget elementor-widget-heading\" data-id=\"357e3aa\" data-element_type=\"widget\" data-e-type=\"widget\" data-widget_type=\"heading.default\">\n\t\t\t\t<div class=\"elementor-widget-container\">\n\t\t\t\t\t<h2 class=\"elementor-heading-title elementor-size-default\">Sicherheit gegen Einbruch, Wind &amp; Wetter<\/h2>\t\t\t\t<\/div>\n\t\t\t\t<\/div>\n\t\t\t\t<div class=\"elementor-element elementor-element-a43eb6a elementor-widget elementor-widget-spacer\" data-id=\"a43eb6a\" data-element_type=\"widget\" data-e-type=\"widget\" data-widget_type=\"spacer.default\">\n\t\t\t\t<div class=\"elementor-widget-container\">\n\t\t\t\t\t\t\t<div class=\"elementor-spacer\">\n\t\t\t<div class=\"elementor-spacer-inner\"><\/div>\n\t\t<\/div>\n\t\t\t\t\t\t<\/div>\n\t\t\t\t<\/div>\n\t\t\t\t<div class=\"elementor-element elementor-element-387c238 elementor-widget elementor-widget-text-editor\" data-id=\"387c238\" data-element_type=\"widget\" data-e-type=\"widget\" data-widget_type=\"text-editor.default\">\n\t\t\t\t<div class=\"elementor-widget-container\">\n\t\t\t\t\t\t\t\t\t<p><strong>Hoher Sicherheitsstandard<\/strong><br \/>Jeden Tag werden in der Schweiz im Schnitt \u00fcber 200 Einbr\u00fcche ver\u00fcbt, die meisten erfolgen durch das Fenster. Sch\u00fctzen Sie sich und Ihr Haus mit sicheren Fenstern und T\u00fcren vor ungebetenen G\u00e4sten. K\u00dcMO\u00a0Fenster bieten erh\u00f6hten Einbruchsschutz, erf\u00fcllen h\u00f6chste Anspr\u00fcche an Sicherheit und Bedienungskomfort. Weitere Sicherheitseinrichtungen\u00a0wie abschliessbare Griffe und Spezialglas\u00a0lassen sich jederzeit einbauen.<\/p>\t\t\t\t\t\t\t\t<\/div>\n\t\t\t\t<\/div>\n\t\t\t\t<div class=\"elementor-element elementor-element-04eba0c elementor-widget elementor-widget-heading\" data-id=\"04eba0c\" data-element_type=\"widget\" data-e-type=\"widget\" data-widget_type=\"heading.default\">\n\t\t\t\t<div class=\"elementor-widget-container\">\n\t\t\t\t\t<h2 class=\"elementor-heading-title elementor-size-default\">Weniger L\u00e4rm<\/h2>\t\t\t\t<\/div>\n\t\t\t\t<\/div>\n\t\t\t\t<div class=\"elementor-element elementor-element-721e948 elementor-widget elementor-widget-text-editor\" data-id=\"721e948\" data-element_type=\"widget\" data-e-type=\"widget\" data-widget_type=\"text-editor.default\">\n\t\t\t\t<div class=\"elementor-widget-container\">\n\t\t\t\t\t\t\t\t\t<p>Ein technisch raffiniertes System garantiert zusammen mit hoch isolierendem Glas besten Schutz gegen K\u00e4lte und Schall. Eine gute Ger\u00e4uschd\u00e4mmung tr\u00e4gt entscheidend zum Wohlbefinden bei.<br \/>K\u00dcMO-Fenster werden mit 6-Kammerprofilen nach neustem technischen Stand und schalld\u00e4mmendem Isolierglas gebaut. Sie garantieren selbst an viel befahrenen Strassen und Flugschneisen eine angenehme Wohnatmosph\u00e4re.<\/p>\t\t\t\t\t\t\t\t<\/div>\n\t\t\t\t<\/div>\n\t\t\t\t<div class=\"elementor-element elementor-element-3c2daef elementor-widget elementor-widget-heading\" data-id=\"3c2daef\" data-element_type=\"widget\" data-e-type=\"widget\" data-widget_type=\"heading.default\">\n\t\t\t\t<div class=\"elementor-widget-container\">\n\t\t\t\t\t<h2 class=\"elementor-heading-title elementor-size-default\">Energie-Sparfenster<\/h2>\t\t\t\t<\/div>\n\t\t\t\t<\/div>\n\t\t\t\t<div class=\"elementor-element elementor-element-c69323d elementor-widget elementor-widget-text-editor\" data-id=\"c69323d\" data-element_type=\"widget\" data-e-type=\"widget\" data-widget_type=\"text-editor.default\">\n\t\t\t\t<div class=\"elementor-widget-container\">\n\t\t\t\t\t\t\t\t\t<div id=\"m1038\" class=\"module text\"><p class=\"bodytext\">Unser f\u00fchrendes 83 mm starkes Profil mit 6 Kammern, metallverst\u00e4rkt von Gealan, erf\u00fcllt schon heute zuk\u00fcnftige internationale Umweltstandards. Die Isolierfenster von K\u00dcMO sind f\u00fcr den Minergiebau geeignet. Es gibt Subventionsprogramme von Bund und Kantonen. Unser K\u00fcmo-Team unterst\u00fctzt Sie gerne bei der korrekten und erfolgreichen Gesuchstellung.<\/p><\/div><div id=\"m2621\" class=\"module text\"><p>\u00a0<\/p><p class=\"bodytext\"><strong>Zusatzprodukte nach Bedarf<\/strong><br \/>K\u00fcmo-Fenster sind ausschliesslich aus hochwertigen Materialien gefertigt und bieten darum in der Grundausstattung viele Vorz\u00fcge. Sie lassen sich mit zahlreichen Zusatzprodukten erg\u00e4nzen oder als Sonderausf\u00fchrung spezifisch auf unterschiedlichste Kundenbed\u00fcrfnisse ausrichten.<br \/><br \/><strong>Zusatzprodukte:<\/strong><\/p><ul><li class=\"bodytext\">Einbruchschutz<\/li><li class=\"bodytext\">Fliegengitter<\/li><li class=\"bodytext\">Katzent\u00fcrli<\/li><li class=\"bodytext\">Fensterb\u00e4nke<\/li><li class=\"bodytext\">L\u00fcftungssysteme<\/li><\/ul><p class=\"bodytext\"><strong>Spezialverglasungen:\u00a0<\/strong><\/p><p class=\"bodytext\">Je nach Anwendung und Bedarf empfiehlt sich der Einsatz von Spezialgl\u00e4sern.\u00a0<\/p><ul><li class=\"bodytext\">Isolierglas<\/li><li class=\"bodytext\">Selbstreinigendes Glas<\/li><li class=\"bodytext\">Sicherheitsglas<\/li><li class=\"bodytext\">Sonnenschutzglas<\/li><li class=\"bodytext\">Schallschutzglas<\/li><li class=\"bodytext\">W\u00e4rmeschutzglas<\/li><\/ul><\/div>\t\t\t\t\t\t\t\t<\/div>\n\t\t\t\t<\/div>\n\t\t\t\t\t<\/div>\n\t\t<\/div>\n\t\t\t\t<div class=\"elementor-column elementor-col-33 elementor-top-column elementor-element elementor-element-b11970f\" data-id=\"b11970f\" data-element_type=\"column\" data-e-type=\"column\" data-settings=\"{&quot;background_background&quot;:&quot;classic&quot;}\">\n\t\t\t<div class=\"elementor-widget-wrap elementor-element-populated\">\n\t\t\t\t\t\t<div class=\"elementor-element elementor-element-185629e elementor-widget elementor-widget-heading\" data-id=\"185629e\" data-element_type=\"widget\" data-e-type=\"widget\" data-widget_type=\"heading.default\">\n\t\t\t\t<div class=\"elementor-widget-container\">\n\t\t\t\t\t<h2 class=\"elementor-heading-title elementor-size-default\">Einbau Fenster &amp; T\u00fcren<\/h2>\t\t\t\t<\/div>\n\t\t\t\t<\/div>\n\t\t\t\t<div class=\"elementor-element elementor-element-e300a7d elementor-widget elementor-widget-heading\" data-id=\"e300a7d\" data-element_type=\"widget\" data-e-type=\"widget\" data-widget_type=\"heading.default\">\n\t\t\t\t<div class=\"elementor-widget-container\">\n\t\t\t\t\t<h2 class=\"elementor-heading-title elementor-size-default\">Von der Planung bis zur Vollendung<\/h2>\t\t\t\t<\/div>\n\t\t\t\t<\/div>\n\t\t\t\t<div class=\"elementor-element elementor-element-d4374b0 elementor-widget elementor-widget-spacer\" data-id=\"d4374b0\" data-element_type=\"widget\" data-e-type=\"widget\" data-widget_type=\"spacer.default\">\n\t\t\t\t<div class=\"elementor-widget-container\">\n\t\t\t\t\t\t\t<div class=\"elementor-spacer\">\n\t\t\t<div class=\"elementor-spacer-inner\"><\/div>\n\t\t<\/div>\n\t\t\t\t\t\t<\/div>\n\t\t\t\t<\/div>\n\t\t\t\t<div class=\"elementor-element elementor-element-3f9207e elementor-widget elementor-widget-text-editor\" data-id=\"3f9207e\" data-element_type=\"widget\" data-e-type=\"widget\" data-widget_type=\"text-editor.default\">\n\t\t\t\t<div class=\"elementor-widget-container\">\n\t\t\t\t\t\t\t\t\t<p class=\"bodytext\"><strong>Hoher Sicherheitsstandard<\/strong><br \/><strong>Bauplanung von K\u00dcMO<\/strong><br \/>K\u00dcMO\u00a0plant f\u00fcr Bauherren und Architekten, welche Ausf\u00fchrung f\u00fcr Ihre Fenster die richtige ist und misst die Gr\u00f6sse der einzelnen Fenster aus. Unsere Offerte gibt Ihnen dann einen \u00dcberblick \u00fcber die Ausf\u00fchrung der Fenster, die Verglasung, die Gr\u00f6sse und den Preis.<\/p><p class=\"bodytext\"><strong>Baukoordination von K\u00dcMO<\/strong><br \/>K\u00dcMO\u00a0unterst\u00fctzt Bauherren und Architekten bei der Koordination, der Eingabe der Baubewilligung und des Subventionsgesuchs f\u00fcr L\u00e4rmschutz und Energie und berechnet die Wirkung weiterer Energiesparmassnahmen.<\/p><p class=\"bodytext\"><strong>Montage von K\u00dcMO<\/strong><br \/>Der Einbau eines neuen Fensters ist in der Regel nach 2 Stunden abgeschlossen und braucht dann keine Nachbesserungsarbeiten durch einen Schreiner oder Maler. Nur bei Fensterauswechslungen k\u00f6nnen kleinere Ausbesserungsarbeiten anfallen, welche auch durch das K\u00dcMO-Team erledigt werden. F\u00fcr die Montage setzt K\u00dcMO\u00a0auf erfahrene Fachleute, die bekannt sind f\u00fcr ihre saubere und termingerechte Arbeit und die den Ort besenrein hinterlassen.<\/p><p class=\"bodytext\"><strong>Kundendienst von K\u00dcMO<\/strong><\/p><p class=\"bodytext\">Der K\u00dcMO Kundendienst steht auch viele Jahre nach dem Fenstereinbau f\u00fcr Servicearbeiten, technische \u00c4nderungen, Einbau von verst\u00e4rktem Einbruch- oder Schallschutzglas usw. zur Verf\u00fcgung.<br \/>Gerne unterbreiten wir Ihnen eine Offerte f\u00fcr neue energie- und kostensparende Fenster. F\u00fcr ein erstes \u2013 f\u00fcr Sie unverbindliches \u2013 Beratungsgespr\u00e4ch\u00a0stehen wir Ihnen jederzeit gerne zur Verf\u00fcgung. Rufen Sie uns an.<\/p>\t\t\t\t\t\t\t\t<\/div>\n\t\t\t\t<\/div>\n\t\t\t\t<div class=\"elementor-element elementor-element-c42d22f elementor-widget elementor-widget-heading\" data-id=\"c42d22f\" data-element_type=\"widget\" data-e-type=\"widget\" data-widget_type=\"heading.default\">\n\t\t\t\t<div class=\"elementor-widget-container\">\n\t\t\t\t\t<h2 class=\"elementor-heading-title elementor-size-default\">Fenster auch aus Holz<\/h2>\t\t\t\t<\/div>\n\t\t\t\t<\/div>\n\t\t\t\t<div class=\"elementor-element elementor-element-ce202a0 elementor-widget elementor-widget-text-editor\" data-id=\"ce202a0\" data-element_type=\"widget\" data-e-type=\"widget\" data-widget_type=\"text-editor.default\">\n\t\t\t\t<div class=\"elementor-widget-container\">\n\t\t\t\t\t\t\t\t\t<p>Neben Fenstern aus Kunststoff\u00a0bietet K\u00dcMO auch solche aus hochwertigem Holz an. Manchmal verlangen es die Umst\u00e4nde, dass Holzfenster die L\u00f6sung sind, sei es wegen denkmalpflegerischen Vorschriften oder aus architektonischen Gr\u00fcnden. Holz schafft innen eine angenehm warme Wohnatmosph\u00e4re.<\/p>\t\t\t\t\t\t\t\t<\/div>\n\t\t\t\t<\/div>\n\t\t\t\t<div class=\"elementor-element elementor-element-2614615 elementor-widget elementor-widget-heading\" data-id=\"2614615\" data-element_type=\"widget\" data-e-type=\"widget\" data-widget_type=\"heading.default\">\n\t\t\t\t<div class=\"elementor-widget-container\">\n\t\t\t\t\t<h2 class=\"elementor-heading-title elementor-size-default\">Wir haben auch T\u00fcren<\/h2>\t\t\t\t<\/div>\n\t\t\t\t<\/div>\n\t\t\t\t<div class=\"elementor-element elementor-element-ab64ee6 elementor-widget elementor-widget-text-editor\" data-id=\"ab64ee6\" data-element_type=\"widget\" data-e-type=\"widget\" data-widget_type=\"text-editor.default\">\n\t\t\t\t<div class=\"elementor-widget-container\">\n\t\t\t\t\t\t\t\t\t<p class=\"bodytext\"><strong>Haus- und Kellert\u00fcren<\/strong><br \/>Kunststoff-, Alu- und Holzt\u00fcren von K\u00dcMO zeichnen sich durch ihre Langlebigkeit, Sicherheit und W\u00e4rmeisolation aus. Ein breites Spektrum an Farben und Formen stehen Ihnen dabei zur Auswahl.<\/p><p class=\"bodytext\"><strong>Terrassent\u00fcren<\/strong><br \/>Ein- und zweifl\u00fcglige Terrassent\u00fcren von K\u00dcMO<\/p>\t\t\t\t\t\t\t\t<\/div>\n\t\t\t\t<\/div>\n\t\t\t\t\t<\/div>\n\t\t<\/div>\n\t\t\t\t\t<\/div>\n\t\t<\/section>\n\t\t\t\t<\/div>\n\t\t","protected":false},"excerpt":{"rendered":"<p>Zur\u00fcck KUNSTSTOFFFENSTER Qualit\u00e4tsfenster Nie wieder streichenDurch die Erneuerung Ihrer Fenster mit modernen und witterungsbest\u00e4ndigen Kunststofffenstern ersparen Sie sich umfangreiche Malerarbeiten und damit hohe Kosten. Erkundigen Sie sich zu weiteren Vorteilen bei einer pers\u00f6nlichen Beratung. Fenster Unsere Fenster k\u00f6nnen Sie nach Ihren Belieben individuell durch uns gestalten lassen. Ob f\u00fcr Neubauten oder bei Renovationsobjekten, wir k\u00f6nnen [&hellip;]<\/p>\n","protected":false},"author":1,"featured_media":0,"parent":0,"menu_order":0,"comment_status":"closed","ping_status":"closed","template":"elementor_header_footer","meta":{"site-sidebar-layout":"no-sidebar","site-content-layout":"page-builder","ast-site-content-layout":"default","site-content-style":"default","site-sidebar-style":"default","ast-global-header-display":"","ast-banner-title-visibility":"","ast-main-header-display":"disabled","ast-hfb-above-header-display":"","ast-hfb-below-header-display":"","ast-hfb-mobile-header-display":"","site-post-title":"disabled","ast-breadcrumbs-content":"","ast-featured-img":"disabled","footer-sml-layout":"","ast-disable-related-posts":"","theme-transparent-header-meta":"default","adv-header-id-meta":"","stick-header-meta":"default","header-above-stick-meta":"","header-main-stick-meta":"","header-below-stick-meta":"","astra-migrate-meta-layouts":"default","ast-page-background-enabled":"default","ast-page-background-meta":{"desktop":{"background-color":"","background-image":"","background-repeat":"repeat","background-position":"center center","background-size":"auto","background-attachment":"scroll","background-type":"","background-media":"","overlay-type":"","overlay-color":"","overlay-opacity":"","overlay-gradient":""},"tablet":{"background-color":"","background-image":"","background-repeat":"repeat","background-position":"center center","background-size":"auto","background-attachment":"scroll","background-type":"","background-media":"","overlay-type":"","overlay-color":"","overlay-opacity":"","overlay-gradient":""},"mobile":{"background-color":"","background-image":"","background-repeat":"repeat","background-position":"center center","background-size":"auto","background-attachment":"scroll","background-type":"","background-media":"","overlay-type":"","overlay-color":"","overlay-opacity":"","overlay-gradient":""}},"ast-content-background-meta":{"desktop":{"background-color":"var(--ast-global-color-5)","background-image":"","background-repeat":"repeat","background-position":"center center","background-size":"auto","background-attachment":"scroll","background-type":"","background-media":"","overlay-type":"","overlay-color":"","overlay-opacity":"","overlay-gradient":""},"tablet":{"background-color":"var(--ast-global-color-5)","background-image":"","background-repeat":"repeat","background-position":"center center","background-size":"auto","background-attachment":"scroll","background-type":"","background-media":"","overlay-type":"","overlay-color":"","overlay-opacity":"","overlay-gradient":""},"mobile":{"background-color":"var(--ast-global-color-5)","background-image":"","background-repeat":"repeat","background-position":"center center","background-size":"auto","background-attachment":"scroll","background-type":"","background-media":"","overlay-type":"","overlay-color":"","overlay-opacity":"","overlay-gradient":""}},"footnotes":""},"class_list":["post-172","page","type-page","status-publish","hentry"],"_links":{"self":[{"href":"https:\/\/kuemo-innenausbau.ch\/index.php?rest_route=\/wp\/v2\/pages\/172","targetHints":{"allow":["GET"]}}],"collection":[{"href":"https:\/\/kuemo-innenausbau.ch\/index.php?rest_route=\/wp\/v2\/pages"}],"about":[{"href":"https:\/\/kuemo-innenausbau.ch\/index.php?rest_route=\/wp\/v2\/types\/page"}],"author":[{"embeddable":true,"href":"https:\/\/kuemo-innenausbau.ch\/index.php?rest_route=\/wp\/v2\/users\/1"}],"replies":[{"embeddable":true,"href":"https:\/\/kuemo-innenausbau.ch\/index.php?rest_route=%2Fwp%2Fv2%2Fcomments&post=172"}],"version-history":[{"count":21,"href":"https:\/\/kuemo-innenausbau.ch\/index.php?rest_route=\/wp\/v2\/pages\/172\/revisions"}],"predecessor-version":[{"id":549,"href":"https:\/\/kuemo-innenausbau.ch\/index.php?rest_route=\/wp\/v2\/pages\/172\/revisions\/549"}],"wp:attachment":[{"href":"https:\/\/kuemo-innenausbau.ch\/index.php?rest_route=%2Fwp%2Fv2%2Fmedia&parent=172"}],"curies":[{"name":"wp","href":"https:\/\/api.w.org\/{rel}","templated":true}]}}