{"id":201,"date":"2021-02-23T17:31:05","date_gmt":"2021-02-23T17:31:05","guid":{"rendered":"http:\/\/kuemo-innenausbau.ch.lookie.ch-meta.net\/?page_id=201"},"modified":"2022-11-24T19:21:47","modified_gmt":"2022-11-24T19:21:47","slug":"haustechnik","status":"publish","type":"page","link":"https:\/\/kuemo-innenausbau.ch\/?page_id=201","title":{"rendered":"Haustechnik"},"content":{"rendered":"\t\t<div data-elementor-type=\"wp-page\" data-elementor-id=\"201\" class=\"elementor elementor-201\" data-elementor-post-type=\"page\">\n\t\t\t\t\t\t<section class=\"elementor-section elementor-top-section elementor-element elementor-element-440a7a13 elementor-section-boxed elementor-section-height-default elementor-section-height-default\" data-id=\"440a7a13\" data-element_type=\"section\" data-e-type=\"section\">\n\t\t\t\t\t\t<div class=\"elementor-container elementor-column-gap-default\">\n\t\t\t\t\t<div class=\"elementor-column elementor-col-100 elementor-top-column elementor-element elementor-element-55f2f094\" data-id=\"55f2f094\" data-element_type=\"column\" data-e-type=\"column\">\n\t\t\t<div class=\"elementor-widget-wrap elementor-element-populated\">\n\t\t\t\t\t\t<div class=\"elementor-element elementor-element-7d9a269 elementor-widget elementor-widget-spacer\" data-id=\"7d9a269\" data-element_type=\"widget\" data-e-type=\"widget\" data-widget_type=\"spacer.default\">\n\t\t\t\t<div class=\"elementor-widget-container\">\n\t\t\t\t\t\t\t<div class=\"elementor-spacer\">\n\t\t\t<div class=\"elementor-spacer-inner\"><\/div>\n\t\t<\/div>\n\t\t\t\t\t\t<\/div>\n\t\t\t\t<\/div>\n\t\t\t\t<div class=\"elementor-element elementor-element-264d8752 elementor-align-center elementor-widget elementor-widget-button\" data-id=\"264d8752\" data-element_type=\"widget\" data-e-type=\"widget\" data-widget_type=\"button.default\">\n\t\t\t\t<div class=\"elementor-widget-container\">\n\t\t\t\t\t\t\t\t\t<div class=\"elementor-button-wrapper\">\n\t\t\t\t\t<a class=\"elementor-button elementor-button-link elementor-size-md\" href=\"https:\/\/kuemo-innenausbau.ch\">\n\t\t\t\t\t\t<span class=\"elementor-button-content-wrapper\">\n\t\t\t\t\t\t<span class=\"elementor-button-icon\">\n\t\t\t\t<i aria-hidden=\"true\" class=\"fas fa-reply\"><\/i>\t\t\t<\/span>\n\t\t\t\t\t\t\t\t\t<span class=\"elementor-button-text\">Zur\u00fcck<\/span>\n\t\t\t\t\t<\/span>\n\t\t\t\t\t<\/a>\n\t\t\t\t<\/div>\n\t\t\t\t\t\t\t\t<\/div>\n\t\t\t\t<\/div>\n\t\t\t\t<div class=\"elementor-element elementor-element-74785814 elementor-widget elementor-widget-spacer\" data-id=\"74785814\" data-element_type=\"widget\" data-e-type=\"widget\" data-widget_type=\"spacer.default\">\n\t\t\t\t<div class=\"elementor-widget-container\">\n\t\t\t\t\t\t\t<div class=\"elementor-spacer\">\n\t\t\t<div class=\"elementor-spacer-inner\"><\/div>\n\t\t<\/div>\n\t\t\t\t\t\t<\/div>\n\t\t\t\t<\/div>\n\t\t\t\t\t<\/div>\n\t\t<\/div>\n\t\t\t\t\t<\/div>\n\t\t<\/section>\n\t\t\t\t<section class=\"elementor-section elementor-top-section elementor-element elementor-element-34a397f elementor-section-boxed elementor-section-height-default elementor-section-height-default\" data-id=\"34a397f\" data-element_type=\"section\" data-e-type=\"section\">\n\t\t\t\t\t\t<div class=\"elementor-container elementor-column-gap-default\">\n\t\t\t\t\t<div class=\"elementor-column elementor-col-100 elementor-top-column elementor-element elementor-element-c4f5c12\" data-id=\"c4f5c12\" data-element_type=\"column\" data-e-type=\"column\">\n\t\t\t<div class=\"elementor-widget-wrap elementor-element-populated\">\n\t\t\t\t\t\t<div class=\"elementor-element elementor-element-799323c elementor-widget elementor-widget-heading\" data-id=\"799323c\" data-element_type=\"widget\" data-e-type=\"widget\" data-widget_type=\"heading.default\">\n\t\t\t\t<div class=\"elementor-widget-container\">\n\t\t\t\t\t<h2 class=\"elementor-heading-title elementor-size-default\">Haustechnik<\/h2>\t\t\t\t<\/div>\n\t\t\t\t<\/div>\n\t\t\t\t<div class=\"elementor-element elementor-element-8142ec9 elementor-widget elementor-widget-spacer\" data-id=\"8142ec9\" data-element_type=\"widget\" data-e-type=\"widget\" data-widget_type=\"spacer.default\">\n\t\t\t\t<div class=\"elementor-widget-container\">\n\t\t\t\t\t\t\t<div class=\"elementor-spacer\">\n\t\t\t<div class=\"elementor-spacer-inner\"><\/div>\n\t\t<\/div>\n\t\t\t\t\t\t<\/div>\n\t\t\t\t<\/div>\n\t\t\t\t<div class=\"elementor-element elementor-element-ef49b20 elementor-widget elementor-widget-text-editor\" data-id=\"ef49b20\" data-element_type=\"widget\" data-e-type=\"widget\" data-widget_type=\"text-editor.default\">\n\t\t\t\t<div class=\"elementor-widget-container\">\n\t\t\t\t\t\t\t\t\t<p class=\"preamble\">Wir sind Ihr Partner f\u00fcr die Planung, Ausf\u00fchrung, Montage und Wartung von Haustechnikanlagen\u00a0wie Heizung, L\u00fcftung \/ Klima und Sanit\u00e4r. Von der Planung \u00fcber die Ausf\u00fchrung bis hin zum Unterhalt Ihrer Anlage, dies alles geschieht durch einen Ansprechpartner: K\u00dcMO &#8211; Innenausbau GmbH.\u00a0<\/p><p class=\"preamble\">Um aus Ihrem Heim eine Wohlf\u00fchloase der puren Entspannung zu machen, sind Einf\u00fchlungsverm\u00f6gen und Ideenreichtum gefragt. Unabh\u00e4ngig von den Gegebenheiten\u00a0realisieren wir in Ihrem Heim das Bad, die K\u00fcche und den ganzen Wohnraum nach Ihrem pers\u00f6nlichen Stil. Profitieren Sie von unseren Kompetenzen in Beratung, Planung und Umsetzung.\u00a0<\/p><p class=\"preamble\">Zudem bieten wir Ihnen qualitativ hochwertige Haushaltsger\u00e4te zu vorteilhaften Konditionen an. Im Angebot sind zum Beispiel W\u00e4scheautomaten, W\u00e4schetrockner und s\u00e4mtliche K\u00fcchenapparate (siehe unsere Aktionen).<\/p>\t\t\t\t\t\t\t\t<\/div>\n\t\t\t\t<\/div>\n\t\t\t\t\t<\/div>\n\t\t<\/div>\n\t\t\t\t\t<\/div>\n\t\t<\/section>\n\t\t\t\t<section class=\"elementor-section elementor-top-section elementor-element elementor-element-90c14f6 elementor-section-full_width elementor-section-height-default elementor-section-height-default\" data-id=\"90c14f6\" data-element_type=\"section\" data-e-type=\"section\">\n\t\t\t\t\t\t<div class=\"elementor-container elementor-column-gap-default\">\n\t\t\t\t\t<div class=\"elementor-column elementor-col-50 elementor-top-column elementor-element elementor-element-77c0aae\" data-id=\"77c0aae\" data-element_type=\"column\" data-e-type=\"column\" data-settings=\"{&quot;background_background&quot;:&quot;classic&quot;}\">\n\t\t\t<div class=\"elementor-widget-wrap elementor-element-populated\">\n\t\t\t\t\t\t<div class=\"elementor-element elementor-element-a24f619 elementor-widget elementor-widget-heading\" data-id=\"a24f619\" data-element_type=\"widget\" data-e-type=\"widget\" data-widget_type=\"heading.default\">\n\t\t\t\t<div class=\"elementor-widget-container\">\n\t\t\t\t\t<h2 class=\"elementor-heading-title elementor-size-default\">Bad<\/h2>\t\t\t\t<\/div>\n\t\t\t\t<\/div>\n\t\t\t\t<div class=\"elementor-element elementor-element-da694dc elementor-widget elementor-widget-heading\" data-id=\"da694dc\" data-element_type=\"widget\" data-e-type=\"widget\" data-widget_type=\"heading.default\">\n\t\t\t\t<div class=\"elementor-widget-container\">\n\t\t\t\t\t<h2 class=\"elementor-heading-title elementor-size-default\">Ihre pers\u00f6nliche Wohlf\u00fchloase<\/h2>\t\t\t\t<\/div>\n\t\t\t\t<\/div>\n\t\t\t\t<div class=\"elementor-element elementor-element-1fffb75 elementor-widget elementor-widget-text-editor\" data-id=\"1fffb75\" data-element_type=\"widget\" data-e-type=\"widget\" data-widget_type=\"text-editor.default\">\n\t\t\t\t<div class=\"elementor-widget-container\">\n\t\t\t\t\t\t\t\t\t<p>Sie m\u00f6chten sich den Traum Ihrer eigenen Wohlf\u00fchloase bei Ihnen zuhause verwirklichen?<br \/>Wir kreieren mit Leidenschaft und Liebe zum Detail Ihr pers\u00f6nliches Badezimmer \u2013\u00a0ganz nach Ihren W\u00fcnschen. Sie k\u00f6nnen sich auf einen Ort der Stille mit einzigartigem Charakter freuen \u00a0denn das ist es, was wir f\u00fcr Sie erschaffen.<\/p>\t\t\t\t\t\t\t\t<\/div>\n\t\t\t\t<\/div>\n\t\t\t\t<div class=\"elementor-element elementor-element-0b53474 elementor-widget elementor-widget-heading\" data-id=\"0b53474\" data-element_type=\"widget\" data-e-type=\"widget\" data-widget_type=\"heading.default\">\n\t\t\t\t<div class=\"elementor-widget-container\">\n\t\t\t\t\t<h2 class=\"elementor-heading-title elementor-size-default\">Wir geben alles f\u00fcr Ihr Badezimmer<\/h2>\t\t\t\t<\/div>\n\t\t\t\t<\/div>\n\t\t\t\t<div class=\"elementor-element elementor-element-e18f958 elementor-widget elementor-widget-text-editor\" data-id=\"e18f958\" data-element_type=\"widget\" data-e-type=\"widget\" data-widget_type=\"text-editor.default\">\n\t\t\t\t<div class=\"elementor-widget-container\">\n\t\t\t\t\t\t\t\t\t<p>Sie m\u00f6chten sich den Traum Ihrer eigenen Wohlf\u00fchloase bei Ihnen zuhause verwirklichen?<br \/>Wir kreieren mit Leidenschaft und Liebe zum Detail Ihr pers\u00f6nliches Badezimmer \u2013\u00a0ganz nach Ihren W\u00fcnschen. Sie k\u00f6nnen sich auf einen Ort der Stille mit einzigartigem Charakter freuen \u00a0denn das ist es, was wir f\u00fcr Sie erschaffen.<\/p>\t\t\t\t\t\t\t\t<\/div>\n\t\t\t\t<\/div>\n\t\t\t\t<div class=\"elementor-element elementor-element-d51f5ad elementor-widget elementor-widget-heading\" data-id=\"d51f5ad\" data-element_type=\"widget\" data-e-type=\"widget\" data-widget_type=\"heading.default\">\n\t\t\t\t<div class=\"elementor-widget-container\">\n\t\t\t\t\t<h2 class=\"elementor-heading-title elementor-size-default\">Eine ausf\u00fchrliche Beratung liegt uns am Herzen<\/h2>\t\t\t\t<\/div>\n\t\t\t\t<\/div>\n\t\t\t\t<div class=\"elementor-element elementor-element-81f66c1 elementor-widget elementor-widget-text-editor\" data-id=\"81f66c1\" data-element_type=\"widget\" data-e-type=\"widget\" data-widget_type=\"text-editor.default\">\n\t\t\t\t<div class=\"elementor-widget-container\">\n\t\t\t\t\t\t\t\t\t<p>Wir wollen wissen, was Ihnen gef\u00e4llt &#8211; ein profundes Beratungsgespr\u00e4ch liegt uns deshalb sehr am Herzen. Unsere langj\u00e4hrige Erfahrung in der Beratung erm\u00f6glicht es uns, auf Ihre individuellen Bed\u00fcrfnisse einzugehen und gemeinsam mit Ihnen herauszufinden, was das Richtige f\u00fcr Sie ist.<\/p>\t\t\t\t\t\t\t\t<\/div>\n\t\t\t\t<\/div>\n\t\t\t\t\t<\/div>\n\t\t<\/div>\n\t\t\t\t<div class=\"elementor-column elementor-col-50 elementor-top-column elementor-element elementor-element-b5c0d80\" data-id=\"b5c0d80\" data-element_type=\"column\" data-e-type=\"column\" data-settings=\"{&quot;background_background&quot;:&quot;classic&quot;}\">\n\t\t\t<div class=\"elementor-widget-wrap elementor-element-populated\">\n\t\t\t\t\t\t<div class=\"elementor-element elementor-element-a5f0bf2 elementor-widget elementor-widget-heading\" data-id=\"a5f0bf2\" data-element_type=\"widget\" data-e-type=\"widget\" data-widget_type=\"heading.default\">\n\t\t\t\t<div class=\"elementor-widget-container\">\n\t\t\t\t\t<h2 class=\"elementor-heading-title elementor-size-default\">Sanit\u00e4r<\/h2>\t\t\t\t<\/div>\n\t\t\t\t<\/div>\n\t\t\t\t<div class=\"elementor-element elementor-element-3699fb2 elementor-widget elementor-widget-heading\" data-id=\"3699fb2\" data-element_type=\"widget\" data-e-type=\"widget\" data-widget_type=\"heading.default\">\n\t\t\t\t<div class=\"elementor-widget-container\">\n\t\t\t\t\t<h2 class=\"elementor-heading-title elementor-size-default\">Hochwertige Anlagen f\u00fcr Ihr Heim<\/h2>\t\t\t\t<\/div>\n\t\t\t\t<\/div>\n\t\t\t\t<div class=\"elementor-element elementor-element-5874198 elementor-widget elementor-widget-text-editor\" data-id=\"5874198\" data-element_type=\"widget\" data-e-type=\"widget\" data-widget_type=\"text-editor.default\">\n\t\t\t\t<div class=\"elementor-widget-container\">\n\t\t\t\t\t\t\t\t\t<p>Wir planen und realisieren hochwertige Sanit\u00e4ranlagen f\u00fcr Ihr Zuhause. Nach einem ausf\u00fchrlichen Beratungsgespr\u00e4ch gehen wir bei der Ausf\u00fchrung konkret auf Ihre individuellen W\u00fcnsche und Bed\u00fcrfnisse ein.<\/p>\t\t\t\t\t\t\t\t<\/div>\n\t\t\t\t<\/div>\n\t\t\t\t<div class=\"elementor-element elementor-element-5372ef7 elementor-widget elementor-widget-heading\" data-id=\"5372ef7\" data-element_type=\"widget\" data-e-type=\"widget\" data-widget_type=\"heading.default\">\n\t\t\t\t<div class=\"elementor-widget-container\">\n\t\t\t\t\t<h2 class=\"elementor-heading-title elementor-size-default\">Ihre Bed\u00fcrfnisse sind uns wichtig<\/h2>\t\t\t\t<\/div>\n\t\t\t\t<\/div>\n\t\t\t\t<div class=\"elementor-element elementor-element-4ea984f elementor-widget elementor-widget-text-editor\" data-id=\"4ea984f\" data-element_type=\"widget\" data-e-type=\"widget\" data-widget_type=\"text-editor.default\">\n\t\t\t\t<div class=\"elementor-widget-container\">\n\t\t\t\t\t\t\t\t\t<p>Wir planen und realisieren hochwertige Sanit\u00e4ranlagen f\u00fcr Ihr Zuhause. Nach einem ausf\u00fchrlichen Beratungsgespr\u00e4ch gehen wir bei der Ausf\u00fchrung konkret auf Ihre individuellen W\u00fcnsche und Bed\u00fcrfnisse ein.<\/p>\t\t\t\t\t\t\t\t<\/div>\n\t\t\t\t<\/div>\n\t\t\t\t<div class=\"elementor-element elementor-element-873c936 elementor-widget elementor-widget-heading\" data-id=\"873c936\" data-element_type=\"widget\" data-e-type=\"widget\" data-widget_type=\"heading.default\">\n\t\t\t\t<div class=\"elementor-widget-container\">\n\t\t\t\t\t<h2 class=\"elementor-heading-title elementor-size-default\">Unsere Aktionsangebote f\u00fcr Sie<\/h2>\t\t\t\t<\/div>\n\t\t\t\t<\/div>\n\t\t\t\t<div class=\"elementor-element elementor-element-de9cb90 elementor-widget elementor-widget-text-editor\" data-id=\"de9cb90\" data-element_type=\"widget\" data-e-type=\"widget\" data-widget_type=\"text-editor.default\">\n\t\t\t\t<div class=\"elementor-widget-container\">\n\t\t\t\t\t\t\t\t\t<p>Regelm\u00e4ssig haben wir f\u00fcr Sie Aktionsangebote mit\u00a0unseren qualitativ hochwertigen Produkten, damit Sie bei der Umsetzung Ihres idealen Heims noch mehr profitieren k\u00f6nnen.<\/p>\t\t\t\t\t\t\t\t<\/div>\n\t\t\t\t<\/div>\n\t\t\t\t\t<\/div>\n\t\t<\/div>\n\t\t\t\t\t<\/div>\n\t\t<\/section>\n\t\t\t\t<\/div>\n\t\t","protected":false},"excerpt":{"rendered":"<p>Zur\u00fcck Haustechnik Wir sind Ihr Partner f\u00fcr die Planung, Ausf\u00fchrung, Montage und Wartung von Haustechnikanlagen\u00a0wie Heizung, L\u00fcftung \/ Klima und Sanit\u00e4r. Von der Planung \u00fcber die Ausf\u00fchrung bis hin zum Unterhalt Ihrer Anlage, dies alles geschieht durch einen Ansprechpartner: K\u00dcMO &#8211; Innenausbau GmbH.\u00a0 Um aus Ihrem Heim eine Wohlf\u00fchloase der puren Entspannung zu machen, sind [&hellip;]<\/p>\n","protected":false},"author":1,"featured_media":0,"parent":0,"menu_order":0,"comment_status":"closed","ping_status":"closed","template":"","meta":{"site-sidebar-layout":"no-sidebar","site-content-layout":"page-builder","ast-site-content-layout":"default","site-content-style":"default","site-sidebar-style":"default","ast-global-header-display":"","ast-banner-title-visibility":"","ast-main-header-display":"disabled","ast-hfb-above-header-display":"","ast-hfb-below-header-display":"","ast-hfb-mobile-header-display":"","site-post-title":"disabled","ast-breadcrumbs-content":"","ast-featured-img":"disabled","footer-sml-layout":"","ast-disable-related-posts":"","theme-transparent-header-meta":"default","adv-header-id-meta":"","stick-header-meta":"default","header-above-stick-meta":"","header-main-stick-meta":"","header-below-stick-meta":"","astra-migrate-meta-layouts":"default","ast-page-background-enabled":"default","ast-page-background-meta":{"desktop":{"background-color":"","background-image":"","background-repeat":"repeat","background-position":"center center","background-size":"auto","background-attachment":"scroll","background-type":"","background-media":"","overlay-type":"","overlay-color":"","overlay-opacity":"","overlay-gradient":""},"tablet":{"background-color":"","background-image":"","background-repeat":"repeat","background-position":"center center","background-size":"auto","background-attachment":"scroll","background-type":"","background-media":"","overlay-type":"","overlay-color":"","overlay-opacity":"","overlay-gradient":""},"mobile":{"background-color":"","background-image":"","background-repeat":"repeat","background-position":"center center","background-size":"auto","background-attachment":"scroll","background-type":"","background-media":"","overlay-type":"","overlay-color":"","overlay-opacity":"","overlay-gradient":""}},"ast-content-background-meta":{"desktop":{"background-color":"var(--ast-global-color-5)","background-image":"","background-repeat":"repeat","background-position":"center center","background-size":"auto","background-attachment":"scroll","background-type":"","background-media":"","overlay-type":"","overlay-color":"","overlay-opacity":"","overlay-gradient":""},"tablet":{"background-color":"var(--ast-global-color-5)","background-image":"","background-repeat":"repeat","background-position":"center center","background-size":"auto","background-attachment":"scroll","background-type":"","background-media":"","overlay-type":"","overlay-color":"","overlay-opacity":"","overlay-gradient":""},"mobile":{"background-color":"var(--ast-global-color-5)","background-image":"","background-repeat":"repeat","background-position":"center center","background-size":"auto","background-attachment":"scroll","background-type":"","background-media":"","overlay-type":"","overlay-color":"","overlay-opacity":"","overlay-gradient":""}},"footnotes":""},"class_list":["post-201","page","type-page","status-publish","hentry"],"_links":{"self":[{"href":"https:\/\/kuemo-innenausbau.ch\/index.php?rest_route=\/wp\/v2\/pages\/201","targetHints":{"allow":["GET"]}}],"collection":[{"href":"https:\/\/kuemo-innenausbau.ch\/index.php?rest_route=\/wp\/v2\/pages"}],"about":[{"href":"https:\/\/kuemo-innenausbau.ch\/index.php?rest_route=\/wp\/v2\/types\/page"}],"author":[{"embeddable":true,"href":"https:\/\/kuemo-innenausbau.ch\/index.php?rest_route=\/wp\/v2\/users\/1"}],"replies":[{"embeddable":true,"href":"https:\/\/kuemo-innenausbau.ch\/index.php?rest_route=%2Fwp%2Fv2%2Fcomments&post=201"}],"version-history":[{"count":16,"href":"https:\/\/kuemo-innenausbau.ch\/index.php?rest_route=\/wp\/v2\/pages\/201\/revisions"}],"predecessor-version":[{"id":513,"href":"https:\/\/kuemo-innenausbau.ch\/index.php?rest_route=\/wp\/v2\/pages\/201\/revisions\/513"}],"wp:attachment":[{"href":"https:\/\/kuemo-innenausbau.ch\/index.php?rest_route=%2Fwp%2Fv2%2Fmedia&parent=201"}],"curies":[{"name":"wp","href":"https:\/\/api.w.org\/{rel}","templated":true}]}}